{"id":581,"date":"2021-04-01T05:10:59","date_gmt":"2021-04-01T05:10:59","guid":{"rendered":"https:\/\/arastravelagency.fr\/fr\/?page_id=581"},"modified":"2025-01-13T17:40:26","modified_gmt":"2025-01-13T17:40:26","slug":"qui-sommes-nous","status":"publish","type":"page","link":"https:\/\/arastravelagency.fr\/fr\/qui-sommes-nous\/","title":{"rendered":"Qui sommes-nous"},"content":{"rendered":"\t\t<div data-elementor-type=\"wp-page\" data-elementor-id=\"581\" class=\"elementor elementor-581\">\n\t\t\t\t\t\t<section class=\"elementor-section elementor-top-section elementor-element elementor-element-b504d9d elementor-section-boxed elementor-section-height-default elementor-section-height-default\" data-id=\"b504d9d\" data-element_type=\"section\" data-settings=\"{&quot;background_background&quot;:&quot;classic&quot;}\">\n\t\t\t\t\t\t\t<div class=\"elementor-background-overlay\"><\/div>\n\t\t\t\t\t\t\t<div class=\"elementor-container elementor-column-gap-no\">\n\t\t\t\t\t<div class=\"elementor-column elementor-col-100 elementor-top-column elementor-element elementor-element-2eea53f\" data-id=\"2eea53f\" data-element_type=\"column\">\n\t\t\t<div class=\"elementor-widget-wrap elementor-element-populated\">\n\t\t\t\t\t\t<div class=\"elementor-element elementor-element-7ad3c0a elementor-widget elementor-widget-heading\" data-id=\"7ad3c0a\" data-element_type=\"widget\" data-widget_type=\"heading.default\">\n\t\t\t\t<div class=\"elementor-widget-container\">\n\t\t\t\t\t<h1 class=\"elementor-heading-title elementor-size-default\">Qui sommes-nous<\/h1>\t\t\t\t<\/div>\n\t\t\t\t<\/div>\n\t\t\t\t\t<\/div>\n\t\t<\/div>\n\t\t\t\t\t<\/div>\n\t\t<\/section>\n\t\t\t\t<section class=\"elementor-section elementor-top-section elementor-element elementor-element-29800e6 elementor-section-full_width elementor-section-height-default elementor-section-height-default\" data-id=\"29800e6\" data-element_type=\"section\" data-settings=\"{&quot;background_background&quot;:&quot;gradient&quot;}\">\n\t\t\t\t\t\t<div class=\"elementor-container elementor-column-gap-no\">\n\t\t\t\t\t<div class=\"elementor-column elementor-col-100 elementor-top-column elementor-element elementor-element-41eb501\" data-id=\"41eb501\" data-element_type=\"column\">\n\t\t\t<div class=\"elementor-widget-wrap elementor-element-populated\">\n\t\t\t\t\t\t<div class=\"elementor-element elementor-element-902fd59 elementor-widget elementor-widget-heading\" data-id=\"902fd59\" data-element_type=\"widget\" data-widget_type=\"heading.default\">\n\t\t\t\t<div class=\"elementor-widget-container\">\n\t\t\t\t\t<h3 class=\"elementor-heading-title elementor-size-default\">Bienvenue \u00e0 l\u2019Agence de voyage ARAS, votre partenaire id\u00e9al pour des aventures inoubliables ! Apr\u00e8s une exp\u00e9rience profonde sur le tourisme et la gestion de groupe de voyage \u00e0 Paris, Agence de voyage ARAS est fond\u00e9e en 2024 \u00e0 Paris. Notre agence se consacre \u00e0 vous offrir des exp\u00e9riences de voyage uniques et m\u00e9morables, adapt\u00e9es \u00e0 tous les types de voyageurs en France, Allemagne, Espagne et plusieurs d\u2019autre pays europ\u00e9ens. <\/h3>\t\t\t\t<\/div>\n\t\t\t\t<\/div>\n\t\t\t\t<section class=\"elementor-section elementor-inner-section elementor-element elementor-element-c09c095 elementor-section-boxed elementor-section-height-default elementor-section-height-default\" data-id=\"c09c095\" data-element_type=\"section\">\n\t\t\t\t\t\t<div class=\"elementor-container elementor-column-gap-no\">\n\t\t\t\t\t<div class=\"elementor-column elementor-col-100 elementor-inner-column elementor-element elementor-element-3e15777\" data-id=\"3e15777\" data-element_type=\"column\">\n\t\t\t<div class=\"elementor-widget-wrap elementor-element-populated\">\n\t\t\t\t\t\t<div class=\"elementor-element elementor-element-e4c33b2 elementor-widget elementor-widget-text-editor\" data-id=\"e4c33b2\" data-element_type=\"widget\" data-widget_type=\"text-editor.default\">\n\t\t\t\t<div class=\"elementor-widget-container\">\n\t\t\t\t\t\t\t\t\t<p class=\"p1\"><span lang=\"FR\">Chez ARAS, nous croyons que le voyage est une source d\u2019enrichissement personnel et permet de cr\u00e9er des souvenirs qui durent toute une vie. Notre \u00e9quipe passionn\u00e9e d&#8217;experts en voyages est ici pour concevoir des itin\u00e9raires sur mesure qui r\u00e9pondent \u00e0 vos d\u00e9sirs et int\u00e9r\u00eats. Que vous r\u00eaviez d&#8217;un s\u00e9jour d\u00e9tente sur une plage paradisiaque, d&#8217;une aventure en montagne ou d&#8217;une immersion culturelle, nous avons la solution parfaite pour vous.<span class=\"apple-converted-space\">\u00a0<\/span><\/span><\/p>\t\t\t\t\t\t\t\t<\/div>\n\t\t\t\t<\/div>\n\t\t\t\t\t<\/div>\n\t\t<\/div>\n\t\t\t\t\t<\/div>\n\t\t<\/section>\n\t\t\t\t<section class=\"elementor-section elementor-inner-section elementor-element elementor-element-89d3e0f elementor-section-full_width elementor-section-height-default elementor-section-height-default\" data-id=\"89d3e0f\" data-element_type=\"section\">\n\t\t\t\t\t\t<div class=\"elementor-container elementor-column-gap-no\">\n\t\t\t\t\t<div class=\"elementor-column elementor-col-25 elementor-inner-column elementor-element elementor-element-14d479f\" data-id=\"14d479f\" data-element_type=\"column\">\n\t\t\t<div class=\"elementor-widget-wrap elementor-element-populated\">\n\t\t\t\t\t\t<div class=\"elementor-element elementor-element-75485bd elementor-widget elementor-widget-image\" data-id=\"75485bd\" data-element_type=\"widget\" data-widget_type=\"image.default\">\n\t\t\t\t<div class=\"elementor-widget-container\">\n\t\t\t\t\t\t\t\t\t\t\t\t\t\t\t<img fetchpriority=\"high\" decoding=\"async\" width=\"480\" height=\"485\" src=\"https:\/\/arastravelagency.fr\/fr\/wp-content\/uploads\/2025\/01\/about-3-noco-img.webp\" class=\"attachment-full size-full wp-image-624\" alt=\"\" srcset=\"https:\/\/arastravelagency.fr\/fr\/wp-content\/uploads\/2025\/01\/about-3-noco-img.webp 480w, https:\/\/arastravelagency.fr\/fr\/wp-content\/uploads\/2025\/01\/about-3-noco-img-297x300.webp 297w\" sizes=\"(max-width: 480px) 100vw, 480px\" \/>\t\t\t\t\t\t\t\t\t\t\t\t\t\t\t<\/div>\n\t\t\t\t<\/div>\n\t\t\t\t\t<\/div>\n\t\t<\/div>\n\t\t\t\t<div class=\"elementor-column elementor-col-25 elementor-inner-column elementor-element elementor-element-c5dc434\" data-id=\"c5dc434\" data-element_type=\"column\">\n\t\t\t<div class=\"elementor-widget-wrap elementor-element-populated\">\n\t\t\t\t\t\t<div class=\"elementor-element elementor-element-6d95edb elementor-widget elementor-widget-image\" data-id=\"6d95edb\" data-element_type=\"widget\" data-widget_type=\"image.default\">\n\t\t\t\t<div class=\"elementor-widget-container\">\n\t\t\t\t\t\t\t\t\t\t\t\t\t\t\t<img decoding=\"async\" width=\"380\" height=\"643\" src=\"https:\/\/arastravelagency.fr\/fr\/wp-content\/uploads\/2025\/01\/about-2-noco-img.webp\" class=\"attachment-full size-full wp-image-620\" alt=\"\" srcset=\"https:\/\/arastravelagency.fr\/fr\/wp-content\/uploads\/2025\/01\/about-2-noco-img.webp 380w, https:\/\/arastravelagency.fr\/fr\/wp-content\/uploads\/2025\/01\/about-2-noco-img-177x300.webp 177w\" sizes=\"(max-width: 380px) 100vw, 380px\" \/>\t\t\t\t\t\t\t\t\t\t\t\t\t\t\t<\/div>\n\t\t\t\t<\/div>\n\t\t\t\t\t<\/div>\n\t\t<\/div>\n\t\t\t\t<div class=\"elementor-column elementor-col-50 elementor-inner-column elementor-element elementor-element-c45088d\" data-id=\"c45088d\" data-element_type=\"column\">\n\t\t\t<div class=\"elementor-widget-wrap elementor-element-populated\">\n\t\t\t\t\t\t<div class=\"elementor-element elementor-element-6d01538 elementor-widget elementor-widget-image\" data-id=\"6d01538\" data-element_type=\"widget\" data-widget_type=\"image.default\">\n\t\t\t\t<div class=\"elementor-widget-container\">\n\t\t\t\t\t\t\t\t\t\t\t\t\t\t\t<img decoding=\"async\" width=\"960\" height=\"591\" src=\"https:\/\/arastravelagency.fr\/fr\/wp-content\/uploads\/2025\/01\/about-1-noco-img.webp\" class=\"attachment-full size-full wp-image-619\" alt=\"\" srcset=\"https:\/\/arastravelagency.fr\/fr\/wp-content\/uploads\/2025\/01\/about-1-noco-img.webp 960w, https:\/\/arastravelagency.fr\/fr\/wp-content\/uploads\/2025\/01\/about-1-noco-img-300x185.webp 300w, https:\/\/arastravelagency.fr\/fr\/wp-content\/uploads\/2025\/01\/about-1-noco-img-768x473.webp 768w\" sizes=\"(max-width: 960px) 100vw, 960px\" \/>\t\t\t\t\t\t\t\t\t\t\t\t\t\t\t<\/div>\n\t\t\t\t<\/div>\n\t\t\t\t\t<\/div>\n\t\t<\/div>\n\t\t\t\t\t<\/div>\n\t\t<\/section>\n\t\t\t\t\t<\/div>\n\t\t<\/div>\n\t\t\t\t\t<\/div>\n\t\t<\/section>\n\t\t\t\t<section class=\"elementor-section elementor-top-section elementor-element elementor-element-61f5e1d elementor-section-boxed elementor-section-height-default elementor-section-height-default\" data-id=\"61f5e1d\" data-element_type=\"section\">\n\t\t\t\t\t\t<div class=\"elementor-container elementor-column-gap-no\">\n\t\t\t\t\t<div class=\"elementor-column elementor-col-100 elementor-top-column elementor-element elementor-element-905f5e9\" data-id=\"905f5e9\" data-element_type=\"column\">\n\t\t\t<div class=\"elementor-widget-wrap elementor-element-populated\">\n\t\t\t\t\t\t<section class=\"elementor-section elementor-inner-section elementor-element elementor-element-9f880b3 elementor-section-boxed elementor-section-height-default elementor-section-height-default\" data-id=\"9f880b3\" data-element_type=\"section\">\n\t\t\t\t\t\t<div class=\"elementor-container elementor-column-gap-no\">\n\t\t\t\t\t<div class=\"elementor-column elementor-col-100 elementor-inner-column elementor-element elementor-element-0a816c7\" data-id=\"0a816c7\" data-element_type=\"column\">\n\t\t\t<div class=\"elementor-widget-wrap elementor-element-populated\">\n\t\t\t\t\t\t<div class=\"elementor-element elementor-element-aebcac4 elementor-widget elementor-widget-heading\" data-id=\"aebcac4\" data-element_type=\"widget\" data-widget_type=\"heading.default\">\n\t\t\t\t<div class=\"elementor-widget-container\">\n\t\t\t\t\t<h2 class=\"elementor-heading-title elementor-size-default\">Ce qui nous distingue c\u2019est<\/h2>\t\t\t\t<\/div>\n\t\t\t\t<\/div>\n\t\t\t\t<div class=\"elementor-element elementor-element-55620f8 elementor-widget elementor-widget-html\" data-id=\"55620f8\" data-element_type=\"widget\" data-widget_type=\"html.default\">\n\t\t\t\t<div class=\"elementor-widget-container\">\n\t\t\t\t\t<ul>\n \t<li style=\"list-style-type: none;\">\n<ul>\n \t<li><span style=\"font-size: 14pt;\"><strong>Les conseils d'experts:<\/strong> Forts de plusieurs ann\u00e9es d'exp\u00e9rience dans l'industrie du tourisme, nos agents exp\u00e9riment\u00e9s sont \u00e0 votre disposition pour partager leurs conseils et recommandations, afin que vous profitiez au maximum de votre voyage.<\/span><\/li>\n \t<li><span style=\"font-size: 14pt;\"><strong>Exp\u00e9riences personnalis\u00e9es:<\/strong> Chaque voyageur est unique. Nous prenons le temps d'\u00e9couter vos pr\u00e9f\u00e9rences pour concevoir un s\u00e9jour qui correspond \u00e0 votre style et \u00e0 votre budget.<\/span><\/li>\n \t<li><span style=\"font-size: 14pt;\"><strong>Service exceptionnel:<\/strong> D\u00e8s le premier contact jusqu'\u00e0 votre retour, nous nous engageons \u00e0 vous offrir un service amical et exceptionnel pour rendre votre exp\u00e9rience de voyage fluide et agr\u00e9able.<\/span><\/li>\n \t<li><span style=\"font-size: 14pt;\"><strong>Partenariats solides:<\/strong> Notre collaboration avec des compagnies a\u00e9riennes, des h\u00f4tels et des op\u00e9rateurs touristiques fiables nous permet de vous proposer des offres exclusives et un acc\u00e8s privil\u00e9gi\u00e9, o\u00f9 que vous soyez.<\/span><\/li>\n<\/ul>\n<\/li>\n<\/ul>\t\t\t\t<\/div>\n\t\t\t\t<\/div>\n\t\t\t\t<div class=\"elementor-element elementor-element-398d174 elementor-widget elementor-widget-heading\" data-id=\"398d174\" data-element_type=\"widget\" data-widget_type=\"heading.default\">\n\t\t\t\t<div class=\"elementor-widget-container\">\n\t\t\t\t\t<h4 class=\"elementor-heading-title elementor-size-default\">Rejoignez-nous dans cette aventure pour explorer le monde, \u00e9tablir de nouvelles connexions et cr\u00e9er des souvenirs inoubliables. Laissez ARAS vous guider dans la d\u00e9couverte de destinations extraordinaires et d'exp\u00e9riences enrichissantes. <\/h4>\t\t\t\t<\/div>\n\t\t\t\t<\/div>\n\t\t\t\t\t<\/div>\n\t\t<\/div>\n\t\t\t\t\t<\/div>\n\t\t<\/section>\n\t\t\t\t<div class=\"elementor-element elementor-element-32ce615 elementor-widget elementor-widget-heading\" data-id=\"32ce615\" data-element_type=\"widget\" data-widget_type=\"heading.default\">\n\t\t\t\t<div class=\"elementor-widget-container\">\n\t\t\t\t\t<h3 class=\"elementor-heading-title elementor-size-default\">Voulez-vous rester en contact avec nous?<\/h3>\t\t\t\t<\/div>\n\t\t\t\t<\/div>\n\t\t\t\t<div class=\"elementor-element elementor-element-5813c93 elementor-align-center elementor-widget elementor-widget-button\" data-id=\"5813c93\" data-element_type=\"widget\" data-widget_type=\"button.default\">\n\t\t\t\t<div class=\"elementor-widget-container\">\n\t\t\t\t\t\t\t\t\t<div class=\"elementor-button-wrapper\">\n\t\t\t\t\t<a class=\"elementor-button elementor-button-link elementor-size-sm\" href=\"mailto:info@arastravelagency.fr\">\n\t\t\t\t\t\t<span class=\"elementor-button-content-wrapper\">\n\t\t\t\t\t\t\t\t\t<span class=\"elementor-button-text\">info@arastravelagency.fr<\/span>\n\t\t\t\t\t<\/span>\n\t\t\t\t\t<\/a>\n\t\t\t\t<\/div>\n\t\t\t\t\t\t\t\t<\/div>\n\t\t\t\t<\/div>\n\t\t\t\t\t<\/div>\n\t\t<\/div>\n\t\t\t\t\t<\/div>\n\t\t<\/section>\n\t\t\t\t<\/div>\n\t\t","protected":false},"excerpt":{"rendered":"<p>Qui sommes-nous Bienvenue \u00e0 l\u2019Agence de voyage ARAS, votre partenaire id\u00e9al pour des aventures inoubliables ! Apr\u00e8s une exp\u00e9rience profonde sur le tourisme et la gestion de groupe de voyage \u00e0 Paris, Agence de voyage ARAS est fond\u00e9e en 2024 \u00e0 Paris. Notre agence se consacre \u00e0 vous offrir des exp\u00e9riences de voyage uniques et [&hellip;]<\/p>\n","protected":false},"author":1,"featured_media":0,"parent":0,"menu_order":0,"comment_status":"closed","ping_status":"closed","template":"","meta":{"site-sidebar-layout":"no-sidebar","site-content-layout":"page-builder","ast-site-content-layout":"full-width-container","site-content-style":"unboxed","site-sidebar-style":"unboxed","ast-global-header-display":"","ast-banner-title-visibility":"","ast-main-header-display":"","ast-hfb-above-header-display":"","ast-hfb-below-header-display":"","ast-hfb-mobile-header-display":"","site-post-title":"disabled","ast-breadcrumbs-content":"disabled","ast-featured-img":"disabled","footer-sml-layout":"","theme-transparent-header-meta":"enabled","adv-header-id-meta":"","stick-header-meta":"","header-above-stick-meta":"","header-main-stick-meta":"","header-below-stick-meta":"","astra-migrate-meta-layouts":"set","ast-page-background-enabled":"default","ast-page-background-meta":{"desktop":{"background-color":"","background-image":"","background-repeat":"repeat","background-position":"center center","background-size":"auto","background-attachment":"scroll","background-type":"","background-media":"","overlay-type":"","overlay-color":"","overlay-opacity":"","overlay-gradient":""},"tablet":{"background-color":"","background-image":"","background-repeat":"repeat","background-position":"center center","background-size":"auto","background-attachment":"scroll","background-type":"","background-media":"","overlay-type":"","overlay-color":"","overlay-opacity":"","overlay-gradient":""},"mobile":{"background-color":"","background-image":"","background-repeat":"repeat","background-position":"center center","background-size":"auto","background-attachment":"scroll","background-type":"","background-media":"","overlay-type":"","overlay-color":"","overlay-opacity":"","overlay-gradient":""}},"ast-content-background-meta":{"desktop":{"background-color":"var(--ast-global-color-5)","background-image":"","background-repeat":"repeat","background-position":"center center","background-size":"auto","background-attachment":"scroll","background-type":"","background-media":"","overlay-type":"","overlay-color":"","overlay-opacity":"","overlay-gradient":""},"tablet":{"background-color":"var(--ast-global-color-5)","background-image":"","background-repeat":"repeat","background-position":"center center","background-size":"auto","background-attachment":"scroll","background-type":"","background-media":"","overlay-type":"","overlay-color":"","overlay-opacity":"","overlay-gradient":""},"mobile":{"background-color":"var(--ast-global-color-5)","background-image":"","background-repeat":"repeat","background-position":"center center","background-size":"auto","background-attachment":"scroll","background-type":"","background-media":"","overlay-type":"","overlay-color":"","overlay-opacity":"","overlay-gradient":""}},"footnotes":""},"class_list":["post-581","page","type-page","status-publish","hentry"],"_links":{"self":[{"href":"https:\/\/arastravelagency.fr\/fr\/wp-json\/wp\/v2\/pages\/581","targetHints":{"allow":["GET"]}}],"collection":[{"href":"https:\/\/arastravelagency.fr\/fr\/wp-json\/wp\/v2\/pages"}],"about":[{"href":"https:\/\/arastravelagency.fr\/fr\/wp-json\/wp\/v2\/types\/page"}],"author":[{"embeddable":true,"href":"https:\/\/arastravelagency.fr\/fr\/wp-json\/wp\/v2\/users\/1"}],"replies":[{"embeddable":true,"href":"https:\/\/arastravelagency.fr\/fr\/wp-json\/wp\/v2\/comments?post=581"}],"version-history":[{"count":26,"href":"https:\/\/arastravelagency.fr\/fr\/wp-json\/wp\/v2\/pages\/581\/revisions"}],"predecessor-version":[{"id":786,"href":"https:\/\/arastravelagency.fr\/fr\/wp-json\/wp\/v2\/pages\/581\/revisions\/786"}],"wp:attachment":[{"href":"https:\/\/arastravelagency.fr\/fr\/wp-json\/wp\/v2\/media?parent=581"}],"curies":[{"name":"wp","href":"https:\/\/api.w.org\/{rel}","templated":true}]}}